{"id":2293,"date":"2025-02-09T22:05:08","date_gmt":"2025-02-09T20:05:08","guid":{"rendered":"https:\/\/camperclub.gr\/allgemeine-geschaeftsbedingungen-von-camper-club\/"},"modified":"2025-02-12T19:12:30","modified_gmt":"2025-02-12T17:12:30","slug":"allgemeine-geschaeftsbedingungen-von-camper-club","status":"publish","type":"page","link":"https:\/\/camperclub.gr\/de\/allgemeine-geschaeftsbedingungen-von-camper-club\/","title":{"rendered":"Allgemeine Gesch\u00e4ftsbedingungen von Camper Club"},"content":{"rendered":"\t\t<div data-elementor-type=\"wp-page\" data-elementor-id=\"2293\" class=\"elementor elementor-2293 elementor-1547\" data-elementor-post-type=\"page\">\n\t\t\t\t<div data-particle_enable=\"false\" data-particle-mobile-disabled=\"false\" class=\"elementor-element elementor-element-e8417f3 e-flex e-con-boxed e-con e-parent\" data-id=\"e8417f3\" data-element_type=\"container\">\n\t\t\t\t\t<div class=\"e-con-inner\">\n\t\t\t\t<div class=\"elementor-element elementor-element-96f8da2 elementor-widget elementor-widget-text-editor\" data-id=\"96f8da2\" data-element_type=\"widget\" data-widget_type=\"text-editor.default\">\n\t\t\t\t<div class=\"elementor-widget-container\">\n\t\t\t\t\t\t\t\t\t<p data-start=\"165\" data-end=\"189\"><strong data-start=\"165\" data-end=\"189\">Sehr geehrter Kunde,<\/strong><\/p><p data-start=\"191\" data-end=\"463\">Mit dem Abschluss eines Vertrages f\u00fcr die Buchung eines Wohnmobils werden die folgenden Allgemeinen Gesch\u00e4ftsbedingungen, soweit sie wirksam vereinbart wurden, Inhalt des zwischen CAMPER CLUB \u2013 Wohnmobilvermietung, genannt \u201eVermieter\u201c, und Ihnen abgeschlossenen Vertrages.<\/p><p data-start=\"465\" data-end=\"566\"><strong data-start=\"465\" data-end=\"566\">BITTE LESEN SIE DIESE ALLGEMEINEN GESCH\u00c4FTSBEDINGUNGEN F\u00dcR DIE WOHNMOBILMIETUNG SORGF\u00c4LTIG DURCH!<\/strong><\/p><h4 data-start=\"705\" data-end=\"771\"><strong data-start=\"710\" data-end=\"771\">1. Anwendbares Recht, Stellung des Kunden, Vertragsinhalt<\/strong><\/h4><p data-start=\"773\" data-end=\"942\">1.1 Der Vertragsgegenstand ist ausschlie\u00dflich die Vermietung des Wohnmobils. Der Vermieter schuldet keine Reiseleistungen und insbesondere keine Pauschalreiseleistungen.<\/p><p data-start=\"944\" data-end=\"1250\">1.2 Im Falle einer Buchung kommt ein Vertrag zwischen dem Vermieter und dem Mieter zustande, der ausschlie\u00dflich dem griechischen Recht unterliegt, n\u00e4mlich prim\u00e4r den Bestimmungen dieses Vertrages \u2013 und subsidi\u00e4r den gesetzlichen Vorschriften zu Mietverh\u00e4ltnissen. Mehrere Mieter haften als Gesamtschuldner.<\/p><p data-start=\"1252\" data-end=\"1511\">1.3 Die gesetzlichen Vorschriften \u00fcber Pauschalreisen, insbesondere 65a-1, finden auf das Vertragsverh\u00e4ltnis weder unmittelbar noch mittelbar Anwendung. Der Mieter organisiert seine Reise selbst und ist pers\u00f6nlich f\u00fcr die Nutzung des Fahrzeugs verantwortlich.<\/p><p data-start=\"1513\" data-end=\"1685\">1.4 Das vollst\u00e4ndig ausgef\u00fcllte und vom Mieter sowie der Abholstation unterzeichnete Abhol- und R\u00fcckgabedokument ist ebenfalls ein integraler Bestandteil des Mietvertrages.<\/p><h4 data-start=\"1687\" data-end=\"1725\"><strong data-start=\"1692\" data-end=\"1725\">2. Mindestalter, F\u00fchrerschein<\/strong><\/h4><p data-start=\"1727\" data-end=\"2132\">Der Mieter und die Fahrer m\u00fcssen mindestens 21 Jahre alt sein. Es wird ein F\u00fchrerschein der Klasse 3 oder gleichwertig f\u00fcr alle Modelle ben\u00f6tigt. Klasse B oder gleichwertig f\u00fcr Fahrzeuge mit einem Gesamtgewicht von bis zu 3.500 kg und Klasse C1 f\u00fcr Fahrzeuge mit mehr als 3.500 kg Gesamtgewicht. Fahrer mit F\u00fchrerscheinen der Klassen B und C m\u00fcssen seit mindestens 1 Jahr im Besitz des F\u00fchrerscheins sein.<\/p><h4 data-start=\"2134\" data-end=\"2172\"><strong data-start=\"2139\" data-end=\"2172\">3. Mietgeb\u00fchren, Versicherung<\/strong><\/h4><p data-start=\"2174\" data-end=\"2392\">3.1 Die Mietgeb\u00fchren basieren auf den zum Zeitpunkt des Vertragsschlusses g\u00fcltigen Preisen, es sei denn, es wurde ein Sonderpreis vereinbart und die Mietpreisvereinbarung beruht nicht auf einem offensichtlichen Fehler.<\/p><p data-start=\"2394\" data-end=\"2798\">3.2 Die Mietgeb\u00fchren beinhalten: Vollkaskoversicherung mit einer maximalen Selbstbeteiligung von 1.500 \u20ac pro Schadensfall. Haftpflichtversicherung gegen\u00fcber Dritten mit unbegrenztem Deckungsschutz f\u00fcr Sch\u00e4den oder Verlust an Eigentum, Feuer, Terroranschl\u00e4ge, Tod oder Verletzungen, unbegrenzte Kilometer, Wartung und Reparaturen f\u00fcr normalen Verschlei\u00df, Gas und biologisch abbaubare Toilettenchemikalien.<\/p><p data-start=\"2800\" data-end=\"3029\">3.3 Das Fahrzeug wird mit vollem Tank \u00fcbergeben und sollte in gleichem Zustand zur\u00fcckgegeben werden. Andernfalls wird eine Pauschale von 15 \u20ac brutto zuz\u00fcglich des aktuellen Preises pro Liter f\u00fcr das Auff\u00fcllen des Tanks berechnet.<\/p><p data-start=\"3031\" data-end=\"3221\">3.4 Tagesgeb\u00fchren werden f\u00fcr einen Zeitraum von 24 Stunden ab 9:00 Uhr am ersten Miettag berechnet. Die Mietkosten decken die Zeit vom Erhalt des Fahrzeugs bis zur R\u00fcckgabe am Abholpunkt ab.<\/p><p data-start=\"3223\" data-end=\"3422\">3.5 Falls das Fahrzeug vor dem Ende des vereinbarten Mietzeitraums zur\u00fcckgegeben wird, ist der gesamte Mietbetrag gem\u00e4\u00df Vertrag zu zahlen, sofern das Fahrzeug nicht anderweitig vermietet werden kann.<\/p><h4 data-start=\"3424\" data-end=\"3475\"><strong data-start=\"3429\" data-end=\"3475\">4. Reservierung, Stornierung und Umbuchung<\/strong><\/h4><p data-start=\"3477\" data-end=\"3657\">4.1 Reservierungen f\u00fcr Wohnmobile sind erst nach schriftlicher Best\u00e4tigung durch den Vermieter verbindlich und gelten ausschlie\u00dflich f\u00fcr Fahrzeuggruppen, nicht f\u00fcr Fahrzeugmodelle.<\/p><p data-start=\"3659\" data-end=\"3859\">4.2 Nach Erhalt der schriftlichen Best\u00e4tigung muss die Anzahlung von 30 % des Gesamtbetrags (Bank\u00fcberweisung) innerhalb von 3 Tagen erfolgen. Die Reservierung wird dann f\u00fcr beide Parteien verbindlich.<\/p><p data-start=\"3861\" data-end=\"4104\">4.3 Stornierungskosten: Bis 50 Tage vor Reisebeginn 10% der Mietgeb\u00fchr; vom 49. bis 15. Tag vor Reisebeginn 50% der Mietgeb\u00fchr; ab dem 14. Tag 80% der Mietgeb\u00fchr; am Tag der Miete oder wenn das Fahrzeug nicht abgeholt wird: 95% der Mietgeb\u00fchr.<\/p><p data-start=\"4106\" data-end=\"4271\">4.4 Die best\u00e4tigte Reservierung kann bis zu 30 Tage vor Mietbeginn umgebucht werden, sofern andere Daten verf\u00fcgbar sind. Eine Umbuchungsgeb\u00fchr von 50 \u20ac wird erhoben.<\/p><h4 data-start=\"4273\" data-end=\"4325\"><strong data-start=\"4278\" data-end=\"4325\">5. Zahlungsbedingungen, Sicherheitsleistung<\/strong><\/h4><p data-start=\"4327\" data-end=\"4535\">5.1 Die Sicherheitsleistung von 1.500 \u20ac muss entweder zusammen mit dem Restbetrag der Mietgeb\u00fchr 21 Tage vor Mietbeginn auf das Konto des Vermieters \u00fcberwiesen oder bei der Fahrzeugabholung hinterlegt werden.<\/p><p data-start=\"4537\" data-end=\"4708\">5.2 Die Sicherheitsleistung wird nach R\u00fcckgabe des Fahrzeugs in ordnungsgem\u00e4\u00dfem Zustand und nach abschlie\u00dfender Abrechnung durch die Mietstation des CAMPER CLUB erstattet.<\/p><h4 data-start=\"4710\" data-end=\"4752\"><strong data-start=\"4715\" data-end=\"4752\">6. Haftung, Vollkaskoversicherung<\/strong><\/h4><p data-start=\"4754\" data-end=\"4911\">6.1 Sollte das Fahrzeug verloren gehen oder besch\u00e4digt werden oder der Vertrag verletzt werden, haftet der Mieter gem\u00e4\u00df den allgemeinen Haftungsbestimmungen.<\/p><p data-start=\"4913\" data-end=\"5082\">6.2 Die Parteien vereinbaren, im Rahmen einer Motorfahrzeugversicherung mit einer Selbstbeteiligung von 1.500 \u20ac (Haftpflichtversicherung) auf eine Haftung zu verzichten.<\/p><h4 data-start=\"5084\" data-end=\"5146\"><strong data-start=\"5089\" data-end=\"5146\">7. R\u00fcckgabeverfahren, M\u00e4ngelanzeige, Abtretungsverbot<\/strong><\/h4><p data-start=\"5148\" data-end=\"5247\">7.1 Der Mieter ist verpflichtet, das Fahrzeug in dem im Vertrag vereinbarten Zustand zur\u00fcckzugeben.<\/p><p data-start=\"5249\" data-end=\"5362\">7.2 Der Mieter muss bei Entdeckung von M\u00e4ngeln nach Beginn des Mietzeitraums dies sofort der Abholstation melden.<\/p><h4 data-start=\"5364\" data-end=\"5406\"><strong data-start=\"5369\" data-end=\"5406\">8. Vorgehensweise im Schadensfall<\/strong><\/h4><p data-start=\"5408\" data-end=\"5524\">8.1 Im Falle eines Unfalls, Diebstahls, Brandes oder anderer Sch\u00e4den muss der Mieter dies sofort der Polizei melden.<\/p><h4 data-start=\"5526\" data-end=\"5549\"><strong data-start=\"5531\" data-end=\"5549\">9. Reparaturen<\/strong><\/h4><p data-start=\"5551\" data-end=\"5711\">Schadenersatzanspr\u00fcche f\u00fcr M\u00e4ngel, die bereits vor Abschluss des Vertrages bestanden und f\u00fcr die der Vermieter nicht verantwortlich ist, werden nicht anerkannt.<\/p><h4 data-start=\"5713\" data-end=\"5744\"><strong data-start=\"5718\" data-end=\"5744\">10. Berechtigte Fahrer<\/strong><\/h4><p data-start=\"5746\" data-end=\"5848\">10.1 Das Fahrzeug darf nur vom Mieter selbst und den im Mietvertrag genannten Fahrern gefahren werden.<\/p><h4 data-start=\"5850\" data-end=\"5882\"><strong data-start=\"5855\" data-end=\"5882\">11. Unzul\u00e4ssige Nutzung<\/strong><\/h4><p data-start=\"5884\" data-end=\"5974\">11.1 Der Mieter darf das Fahrzeug nicht f\u00fcr Motorsportevents oder Fahrzeugtests verwenden.<\/p><h4 data-start=\"5976\" data-end=\"6000\"><strong data-start=\"5981\" data-end=\"6000\">12. Rauchverbot<\/strong><\/h4><p data-start=\"6002\" data-end=\"6074\">Das Rauchen im Fahrzeug ist nur mit Zustimmung des Vermieters gestattet.<\/p><h4 data-start=\"6076\" data-end=\"6107\"><strong data-start=\"6081\" data-end=\"6107\">13. Abholung, R\u00fcckgabe<\/strong><\/h4><p data-start=\"6109\" data-end=\"6262\">13.1 Der Mieter ist verpflichtet, eine gr\u00fcndliche Einf\u00fchrung in das Fahrzeug durch unsere Experten an der Abholstation vor Beginn der Reise wahrzunehmen.<\/p><h4 data-start=\"6264\" data-end=\"6291\"><strong data-start=\"6269\" data-end=\"6291\">14. Ersatzfahrzeug<\/strong><\/h4><p data-start=\"6293\" data-end=\"6476\">Kann das reservierte Fahrzeug nicht geliefert werden, beh\u00e4lt sich der Vermieter das Recht vor, ein Fahrzeug \u00e4hnlicher Gr\u00f6\u00dfe und Ausstattung oder ein gr\u00f6\u00dferes Fahrzeug bereitzustellen.<\/p><h4 data-start=\"6478\" data-end=\"6509\"><strong data-start=\"6483\" data-end=\"6509\">15. Reisen ins Ausland<\/strong><\/h4><p data-start=\"6511\" data-end=\"6632\">F\u00fcr Reisen au\u00dferhalb Griechenlands muss der Vermieter vorher zustimmen und spezielle Versicherungen abgeschlossen werden.<\/p><h4 data-start=\"6634\" data-end=\"6674\"><strong data-start=\"6639\" data-end=\"6674\">16. Ausschlussfrist, Verj\u00e4hrung<\/strong><\/h4><p data-start=\"6676\" data-end=\"6818\">16.1 Anspr\u00fcche aufgrund der Nichterf\u00fcllung des Mietvertrages m\u00fcssen innerhalb eines Monats nach R\u00fcckgabe des Fahrzeugs geltend gemacht werden.<\/p><h4 data-start=\"6820\" data-end=\"6878\"><strong data-start=\"6825\" data-end=\"6878\">17. Speicherung und Weitergabe pers\u00f6nlicher Daten<\/strong><\/h4><p data-start=\"6880\" data-end=\"6966\">17.1 Der Mieter stimmt der Speicherung seiner pers\u00f6nlichen Daten durch CAMPER CLUB zu.<\/p><h4 data-start=\"6968\" data-end=\"6994\"><strong data-start=\"6973\" data-end=\"6994\">18. Gerichtsstand<\/strong><\/h4><p data-start=\"6996\" data-end=\"7085\">F\u00fcr alle Streitigkeiten aus diesem Vertrag gilt der Gerichtsstand am Sitz des Vermieters.<\/p><h4 data-start=\"7087\" data-end=\"7119\"><strong data-start=\"7092\" data-end=\"7119\">19. Schlussbestimmungen<\/strong><\/h4><p data-start=\"7121\" data-end=\"7313\">Alle Vereinbarungen m\u00fcssen schriftlich getroffen werden. Sollte eine Bestimmung dieses Vertrags ung\u00fcltig oder nicht durchsetzbar sein, bleibt die G\u00fcltigkeit der \u00fcbrigen Bestimmungen unber\u00fchrt.<\/p>\t\t\t\t\t\t\t\t<\/div>\n\t\t\t\t<\/div>\n\t\t\t\t\t<\/div>\n\t\t\t\t<\/div>\n\t\t\t\t<\/div>\n\t\t","protected":false},"excerpt":{"rendered":"<p>Sehr geehrter Kunde, Mit dem Abschluss eines Vertrages f\u00fcr die Buchung eines Wohnmobils werden die folgenden Allgemeinen Gesch\u00e4ftsbedingungen, soweit sie wirksam vereinbart wurden, Inhalt des zwischen CAMPER CLUB \u2013 Wohnmobilvermietung, genannt \u201eVermieter\u201c, und Ihnen abgeschlossenen Vertrages. BITTE LESEN SIE DIESE ALLGEMEINEN GESCH\u00c4FTSBEDINGUNGEN F\u00dcR DIE WOHNMOBILMIETUNG SORGF\u00c4LTIG DURCH! 1. Anwendbares Recht, Stellung des Kunden, Vertragsinhalt 1.1 [&hellip;]<\/p>\n","protected":false},"author":2,"featured_media":0,"parent":0,"menu_order":0,"comment_status":"closed","ping_status":"closed","template":"elementor_header_footer","meta":{"footnotes":""},"class_list":["post-2293","page","type-page","status-publish","hentry"],"_links":{"self":[{"href":"https:\/\/camperclub.gr\/de\/wp-json\/wp\/v2\/pages\/2293","targetHints":{"allow":["GET"]}}],"collection":[{"href":"https:\/\/camperclub.gr\/de\/wp-json\/wp\/v2\/pages"}],"about":[{"href":"https:\/\/camperclub.gr\/de\/wp-json\/wp\/v2\/types\/page"}],"author":[{"embeddable":true,"href":"https:\/\/camperclub.gr\/de\/wp-json\/wp\/v2\/users\/2"}],"replies":[{"embeddable":true,"href":"https:\/\/camperclub.gr\/de\/wp-json\/wp\/v2\/comments?post=2293"}],"version-history":[{"count":4,"href":"https:\/\/camperclub.gr\/de\/wp-json\/wp\/v2\/pages\/2293\/revisions"}],"predecessor-version":[{"id":2298,"href":"https:\/\/camperclub.gr\/de\/wp-json\/wp\/v2\/pages\/2293\/revisions\/2298"}],"wp:attachment":[{"href":"https:\/\/camperclub.gr\/de\/wp-json\/wp\/v2\/media?parent=2293"}],"curies":[{"name":"wp","href":"https:\/\/api.w.org\/{rel}","templated":true}]}}