{"id":3420,"date":"2025-02-02T18:02:24","date_gmt":"2025-02-02T16:02:24","guid":{"rendered":"https:\/\/camperclub.gr\/confirmation-de-reservation\/echec-de-la-transaction\/"},"modified":"2025-03-23T22:50:00","modified_gmt":"2025-03-23T20:50:00","slug":"transaction-failed","status":"publish","type":"page","link":"https:\/\/camperclub.gr\/fr\/booking-confirmation\/transaction-failed\/","title":{"rendered":"\u00c9chec de la transaction"},"content":{"rendered":"<p>Malheureusement, votre transaction ne peut \u00eatre finalis\u00e9e pour le moment. Veuillez r\u00e9essayer ou nous contacter.<\/p>\n","protected":false},"excerpt":{"rendered":"<p>Malheureusement, votre transaction ne peut \u00eatre finalis\u00e9e pour le moment. Veuillez r\u00e9essayer ou nous contacter.<\/p>\n","protected":false},"author":1,"featured_media":0,"parent":3388,"menu_order":0,"comment_status":"closed","ping_status":"closed","template":"","meta":{"footnotes":""},"class_list":["post-3420","page","type-page","status-publish","hentry"],"_links":{"self":[{"href":"https:\/\/camperclub.gr\/fr\/wp-json\/wp\/v2\/pages\/3420","targetHints":{"allow":["GET"]}}],"collection":[{"href":"https:\/\/camperclub.gr\/fr\/wp-json\/wp\/v2\/pages"}],"about":[{"href":"https:\/\/camperclub.gr\/fr\/wp-json\/wp\/v2\/types\/page"}],"author":[{"embeddable":true,"href":"https:\/\/camperclub.gr\/fr\/wp-json\/wp\/v2\/users\/1"}],"replies":[{"embeddable":true,"href":"https:\/\/camperclub.gr\/fr\/wp-json\/wp\/v2\/comments?post=3420"}],"version-history":[{"count":1,"href":"https:\/\/camperclub.gr\/fr\/wp-json\/wp\/v2\/pages\/3420\/revisions"}],"predecessor-version":[{"id":4134,"href":"https:\/\/camperclub.gr\/fr\/wp-json\/wp\/v2\/pages\/3420\/revisions\/4134"}],"up":[{"embeddable":true,"href":"https:\/\/camperclub.gr\/fr\/wp-json\/wp\/v2\/pages\/3388"}],"wp:attachment":[{"href":"https:\/\/camperclub.gr\/fr\/wp-json\/wp\/v2\/media?parent=3420"}],"curies":[{"name":"wp","href":"https:\/\/api.w.org\/{rel}","templated":true}]}}