{"id":3435,"date":"2025-02-11T12:21:48","date_gmt":"2025-02-11T10:21:48","guid":{"rendered":"https:\/\/camperclub.gr\/demande-de-paiement\/"},"modified":"2025-03-23T22:51:36","modified_gmt":"2025-03-23T20:51:36","slug":"payment-request","status":"publish","type":"page","link":"https:\/\/camperclub.gr\/fr\/payment-request\/","title":{"rendered":"Demande de paiement"},"content":{"rendered":"<div class=\"mphb_sc_payment_request_checkout-wrapper\"><p>D\u00e9sol\u00e9, aucune r\u00e9servation n&#039;a \u00e9t\u00e9 trouv\u00e9e.<\/p><\/div>\n","protected":false},"excerpt":{"rendered":"","protected":false},"author":1,"featured_media":0,"parent":0,"menu_order":0,"comment_status":"closed","ping_status":"closed","template":"","meta":{"footnotes":""},"class_list":["post-3435","page","type-page","status-publish","hentry"],"_links":{"self":[{"href":"https:\/\/camperclub.gr\/fr\/wp-json\/wp\/v2\/pages\/3435","targetHints":{"allow":["GET"]}}],"collection":[{"href":"https:\/\/camperclub.gr\/fr\/wp-json\/wp\/v2\/pages"}],"about":[{"href":"https:\/\/camperclub.gr\/fr\/wp-json\/wp\/v2\/types\/page"}],"author":[{"embeddable":true,"href":"https:\/\/camperclub.gr\/fr\/wp-json\/wp\/v2\/users\/1"}],"replies":[{"embeddable":true,"href":"https:\/\/camperclub.gr\/fr\/wp-json\/wp\/v2\/comments?post=3435"}],"version-history":[{"count":1,"href":"https:\/\/camperclub.gr\/fr\/wp-json\/wp\/v2\/pages\/3435\/revisions"}],"predecessor-version":[{"id":4138,"href":"https:\/\/camperclub.gr\/fr\/wp-json\/wp\/v2\/pages\/3435\/revisions\/4138"}],"wp:attachment":[{"href":"https:\/\/camperclub.gr\/fr\/wp-json\/wp\/v2\/media?parent=3435"}],"curies":[{"name":"wp","href":"https:\/\/api.w.org\/{rel}","templated":true}]}}