{"id":3999,"date":"2025-02-09T22:05:08","date_gmt":"2025-02-09T20:05:08","guid":{"rendered":"https:\/\/camperclub.gr\/camper-club-conditions-generales-dutilisation\/"},"modified":"2025-03-23T21:31:03","modified_gmt":"2025-03-23T19:31:03","slug":"camper-club-conditions-generales-dutilisation","status":"publish","type":"page","link":"https:\/\/camperclub.gr\/fr\/camper-club-conditions-generales-dutilisation\/","title":{"rendered":"Camper Club Conditions g\u00e9n\u00e9rales d&rsquo;utilisation"},"content":{"rendered":"\t\t<div data-elementor-type=\"wp-page\" data-elementor-id=\"3999\" class=\"elementor elementor-3999 elementor-1547\" data-elementor-post-type=\"page\">\n\t\t\t\t<div data-particle_enable=\"false\" data-particle-mobile-disabled=\"false\" class=\"elementor-element elementor-element-e8417f3 e-flex e-con-boxed e-con e-parent\" data-id=\"e8417f3\" data-element_type=\"container\" data-e-type=\"container\">\n\t\t\t\t\t<div class=\"e-con-inner\">\n\t\t\t\t<div class=\"elementor-element elementor-element-96f8da2 elementor-widget elementor-widget-text-editor\" data-id=\"96f8da2\" data-element_type=\"widget\" data-e-type=\"widget\" data-widget_type=\"text-editor.default\">\n\t\t\t\t<div class=\"elementor-widget-container\">\n\t\t\t\t\t\t\t\t\t<p>Ch\u00e8re cliente, cher client,<\/p><p>Avec la conclusion d&rsquo;un accord pour la r\u00e9servation d&rsquo;un camping-car, les conditions g\u00e9n\u00e9rales suivantes,<br>dans la mesure o\u00f9 elles sont effectivement accept\u00e9es, deviennent le contenu de l&rsquo;accord conclu entre CAMPER CLUB &#8211; Location de camping-cars &#8211; appel\u00e9 \u00ab\u00a0loueur\u00a0\u00bb &#8211; et vous.<\/p><p><strong>VEUILLEZ LIRE ATTENTIVEMENT LES PR\u00c9SENTES CONDITIONS G\u00c9N\u00c9RALES DE LOCATION DE CAMPING-CARS !<\/strong><\/p><div class=\"fusion-text fusion-text-6\"><p><strong>1. Droit applicable, position du client, contenu de l&rsquo;accord<\/strong><\/p><p>1.1 L&rsquo;objet du contrat est exclusivement la location du camping-car. Le loueur n&rsquo;est redevable d&rsquo;aucun service de voyage et en particulier d&rsquo;aucun service de voyage dans son ensemble. <\/p><p>1.2 En cas de r\u00e9servation, un contrat est conclu entre le bailleur et le(s) locataire(s) qui est exclusivement soumis au droit grec, \u00e0 savoir en premier lieu aux dispositions du pr\u00e9sent contrat &#8211; et \u00e0 titre subsidiaire aux dispositions l\u00e9gales relatives aux contrats de location. Plusieurs locataires sont responsables en tant que d\u00e9biteurs conjoints. <\/p><p>1.3 Les dispositions l\u00e9gales relatives aux contrats de vacances \u00e0 forfait, en particulier 65a-1, ne s&rsquo;appliquent ni directement ni indirectement \u00e0 la relation contractuelle. Le locataire organise lui-m\u00eame son voyage et est personnellement responsable de l&rsquo;utilisation qu&rsquo;il fait du v\u00e9hicule. <\/p><p>1.4 Le rapport d&rsquo;enl\u00e8vement et de restitution \u00e0 remplir int\u00e9gralement et \u00e0 signer par le locataire et la station d&rsquo;enl\u00e8vement fait \u00e9galement partie int\u00e9grante du contrat de location.<\/p><p><strong>2. \u00c2ge minimum, permis de conduire<\/strong><\/p><\/div><div class=\"fusion-text fusion-text-7\"><p>Le locataire et les conducteurs doivent \u00eatre \u00e2g\u00e9s d&rsquo;au moins 21 ans. Un permis de conduire de classe 3 ou \u00e9quivalent est requis pour tous les mod\u00e8les. La classe B ou \u00e9quivalente pour les v\u00e9hicules dont le poids total autoris\u00e9 est inf\u00e9rieur ou \u00e9gal \u00e0 3 500 kg et la classe C pour les v\u00e9hicules dont le poids total autoris\u00e9 est sup\u00e9rieur \u00e0 3 500 kg. Les conducteurs titulaires d&rsquo;un permis de conduire des classes B et C doivent \u00eatre titulaires d&rsquo;un permis de conduire depuis au moins un an.   <\/p><p><strong>3. Frais de location, assurance<\/strong><\/p><\/div><div class=\"fusion-text fusion-text-8\"><p>3.1 Les tarifs de location sont bas\u00e9s sur les prix indiqu\u00e9s dans la liste des prix en vigueur \u00e0 la date du contrat, \u00e0 moins qu&rsquo;un prix sp\u00e9cial n&rsquo;ait \u00e9t\u00e9 convenu et que l&rsquo;accord sur le prix de location ne repose pas sur une erreur manifeste. Chaque jour est factur\u00e9 en fonction de la saison dans laquelle il se situe. <\/p><p>3.2 Les frais de location comprennent Une assurance tous risques avec une franchise maximale de 1 500 euros par sinistre. L&rsquo;assurance responsabilit\u00e9 civile \u00e0 l&rsquo;\u00e9gard des tiers avec une couverture illimit\u00e9e pour les dommages ou pertes mat\u00e9riels, les incendies, les actes terroristes, les d\u00e9c\u00e8s ou les blessures, le kilom\u00e9trage illimit\u00e9, l&rsquo;entretien et les r\u00e9parations pour l&rsquo;usure normale, le gaz et les produits chimiques biod\u00e9gradables pour les toilettes. Le carburant et les autres frais de fonctionnement sont \u00e0 la charge du locataire.  <\/p><p>3.3 Le v\u00e9hicule est remis avec le plein de carburant et doit \u00eatre restitu\u00e9 dans le m\u00eame \u00e9tat. Dans le cas contraire, une somme forfaitaire de 15 euros bruts plus le prix actuel du litre sera due en plus des frais de carburant pour le remplissage du r\u00e9servoir. <\/p><p>3.4 Les frais journaliers sont factur\u00e9s pour une p\u00e9riode de 24 heures \u00e0 partir de 9 heures le premier jour de location. Les frais de location couvrent la p\u00e9riode allant de la r\u00e9ception du v\u00e9hicule au retour au point de r\u00e9ception. Les locations pour un aller simple ne sont possibles que sur demande et moyennant des frais. Le retour du v\u00e9hicule doit se faire avant 10h00, sans frais suppl\u00e9mentaires. Pour un retour entre 10h00 et 13h00, un suppl\u00e9ment de 50 \u20ac est factur\u00e9. Pour les retours apr\u00e8s 13h00, vous devrez payer une journ\u00e9e enti\u00e8re de location et toute demande d&rsquo;indemnisation vous sera transf\u00e9r\u00e9e par d&rsquo;autres locataires en raison de retards dans la livraison du v\u00e9hicule. En g\u00e9n\u00e9ral, il n&rsquo;y a pas de consentement du bailleur \u00e0 une conversion automatique en un contrat de location \u00e0 dur\u00e9e ind\u00e9termin\u00e9e si l&rsquo;utilisation se poursuit.      <\/p><p>3.5 Si le v\u00e9hicule est restitu\u00e9 avant la fin de la p\u00e9riode de location convenue, le montant total de la location indiqu\u00e9 dans le contrat doit \u00eatre pay\u00e9, \u00e0 moins que le v\u00e9hicule ne puisse \u00eatre lou\u00e9 \u00e0 d&rsquo;autres personnes. Conform\u00e9ment \u00e0 la liste de prix en vigueur \u00e0 ce moment-l\u00e0, la p\u00e9riode de location minimale prescrite pendant certaines saisons doit \u00eatre respect\u00e9e. Des frais de service uniques doivent \u00eatre pay\u00e9s une fois par location.  <\/p><p>3.6 Le locataire est responsable de tous les frais, charges, amendes et p\u00e9nalit\u00e9s factur\u00e9s au loueur en rapport avec l&rsquo;utilisation du v\u00e9hicule, \u00e0 moins qu&rsquo;ils ne soient dus \u00e0 une faute du loueur.<\/p><p><strong>4. R\u00e9servation, annulation et r\u00e9inscription<\/strong><\/p><\/div><div class=\"fusion-text fusion-text-9\"><p>4.1 Les r\u00e9servations de camping-cars ne sont contraignantes qu&rsquo;apr\u00e8s confirmation \u00e9crite du loueur et portent exclusivement sur des groupes de v\u00e9hicules et non sur des mod\u00e8les de v\u00e9hicules.<\/p><p>4.2 D\u00e8s r\u00e9ception de la confirmation \u00e9crite, le paiement initial de 30 % du montant total (virement bancaire) doit \u00eatre effectu\u00e9 dans les 3 jours. La r\u00e9servation devient alors contraignante pour les deux parties. Si le paiement n&rsquo;est pas effectu\u00e9 dans ce d\u00e9lai, le bailleur n&rsquo;est plus li\u00e9 par la r\u00e9servation. Le solde de la location doit \u00eatre pay\u00e9 avant le d\u00e9but de la p\u00e9riode de location.   <\/p><p>4.3 Si le locataire renonce \u00e0 la r\u00e9servation ferme, les frais d&rsquo;annulation suivants sont dus :<br>Jusqu&rsquo;\u00e0 50 jours avant le d\u00e9but du voyage 10% du prix de la location ;<br>Du 49e au 15e jour avant le d\u00e9but du voyage 50% du prix de la location ;<br>A partir du 14e jour 80% du prix de la location ;<br>Le jour de la location ou si le v\u00e9hicule n&rsquo;est pas r\u00e9cup\u00e9r\u00e9 : 95% du prix de la location ;<br>Le locataire est libre de fournir la preuve qu&rsquo;il n&rsquo;y a pas eu de dommages ou que les dommages sont l\u00e9gers.<\/p><p>4.4 La r\u00e9servation confirm\u00e9e au locataire peut \u00eatre modifi\u00e9e par le locataire jusqu&rsquo;\u00e0 30 jours avant la date convenue pour le d\u00e9but de la p\u00e9riode de location, \u00e0 condition que d&rsquo;autres dates soient disponibles. Dans ce cas, des frais administratifs de 50 euros par nouvelle r\u00e9servation seront factur\u00e9s. Les frais d&rsquo;annulation sont toujours calcul\u00e9s sur la base de la premi\u00e8re r\u00e9servation confirm\u00e9e. Les r\u00e9servations ult\u00e9rieures ne sont autoris\u00e9es, dans la mesure du possible, qu&rsquo;apr\u00e8s une annulation conform\u00e9ment aux conditions de la clause 4.3 et une nouvelle r\u00e9servation ult\u00e9rieure.   <\/p><p><strong>5. Conditions de paiement, d\u00e9p\u00f4t de garantie<\/strong><\/p><\/div><div class=\"fusion-text fusion-text-10\"><p>5.1 Le d\u00e9p\u00f4t de garantie de 1 500 euros doit \u00eatre transf\u00e9r\u00e9 avec le solde du prix de la location 21 jours avant le d\u00e9but de la location sur le compte du loueur, sans frais pour le destinataire, ou d\u00e9pos\u00e9 lors de la prise en charge du v\u00e9hicule, sans frais. Pour les r\u00e9servations \u00e0 court terme (moins de 21 jours avant la date de location), le d\u00e9p\u00f4t de garantie et le montant de la location sont dus imm\u00e9diatement. <\/p><p>5.2 Le d\u00e9p\u00f4t de garantie est remboursable au retour du v\u00e9hicule en bon \u00e9tat et apr\u00e8s facturation finale par la station de location du CAMPER CLUB. Tous les suppl\u00e9ments seront d\u00e9duits de la caution au moment de la restitution du v\u00e9hicule. <\/p><p>5.3 Si le locataire est en retard dans ses obligations de paiement, des int\u00e9r\u00eats de retard seront factur\u00e9s conform\u00e9ment aux dispositions l\u00e9gales en vigueur. Le locataire peut apporter la preuve d&rsquo;un pr\u00e9judice moins important du fait des retards de paiement. <\/p><p><strong>6. Responsabilit\u00e9 civile, couverture d&rsquo;assurance compl\u00e8te<\/strong><\/p><\/div><div class=\"fusion-text fusion-text-11\"><p>6.1 En cas de perte ou d&rsquo;endommagement du v\u00e9hicule, ou en cas de rupture du contrat, le locataire est g\u00e9n\u00e9ralement responsable selon les dispositions de la r\u00e9glementation g\u00e9n\u00e9rale en mati\u00e8re de responsabilit\u00e9.<\/p><p>6.2 Les parties au contrat conviennent de renoncer \u00e0 leur responsabilit\u00e9 dans le cadre d&rsquo;une police d&rsquo;assurance automobile avec une franchise de 1 500 euros (assurance responsabilit\u00e9 civile). Le locataire n&rsquo;est responsable des dommages dans le cadre de l&rsquo;exon\u00e9ration de responsabilit\u00e9 que si lui-m\u00eame ou ses agents n&rsquo;ont pas caus\u00e9 le dommage par n\u00e9gligence grave ou intentionnellement. Le locataire est \u00e9galement responsable des dommages :<br>a. S&rsquo;il ne notifie pas le dommage au loueur dans le d\u00e9lai imparti, s&rsquo;il notifie le dommage de mani\u00e8re incompl\u00e8te ou avec des donn\u00e9es erron\u00e9es comme l&rsquo;exige le locataire conform\u00e9ment \u00e0 l&rsquo;alin\u00e9a 8 ;<br>b. Si lui-m\u00eame ou ses repr\u00e9sentants ne se sont pas arr\u00eat\u00e9s apr\u00e8s un accident, n&rsquo;ont pas signal\u00e9 un accident \u00e0 la police ou ont donn\u00e9 des informations incorrectes sur les circonstances d&rsquo;un accident, dans la mesure o\u00f9 cela porte atteinte aux int\u00e9r\u00eats l\u00e9gitimes<br>du loueur de constater les d\u00e9tails du sinistre, et que ce manquement n&rsquo;est d\u00fb ni \u00e0 une intention, ni \u00e0 une n\u00e9gligence grossi\u00e8re. En cas de violation de ces obligations par n\u00e9gligence grave, la renonciation \u00e0 la responsabilit\u00e9 reste valable dans la mesure o\u00f9 la violation de ces obligations n&rsquo;a influenc\u00e9 ni la d\u00e9termination de l&rsquo;\u00e9tendue de la responsabilit\u00e9 d&rsquo;assurance par l&rsquo;assureur du loueur, ni l&rsquo;exercice des droits aux dommages-int\u00e9r\u00eats.     <\/p><p>6.3 La renonciation \u00e0 la responsabilit\u00e9 ne s&rsquo;applique pas \u00e0 la franchise convenue. Elle ne s&rsquo;applique qu&rsquo;\u00e0 la p\u00e9riode de location. <\/p><p>6.4 Le locataire et ses agents sont personnellement responsables des infractions au code de la route et aux r\u00e8glements. Le loueur est exon\u00e9r\u00e9 de toute responsabilit\u00e9 pour les co\u00fbts et les frais encourus. <\/p><p>6.5 Les dommages aux freins, les dommages de fonctionnement et les simples bris ne sont pas des dommages par accident. Une exon\u00e9ration de responsabilit\u00e9 convenue au sens du point 6.2 ne s&rsquo;applique pas aux dommages de cette nature. Cela vaut en particulier pour les dommages caus\u00e9s par le d\u00e9placement de la charge utile.  <\/p><p>6.6 Les r\u00e8gles s&rsquo;appliquent aussi bien au conducteur autoris\u00e9 qu&rsquo;au locataire. L&rsquo;exon\u00e9ration de responsabilit\u00e9 convenue contractuellement ne s&rsquo;applique pas \u00e0 tout conducteur non autoris\u00e9 du v\u00e9hicule. <\/p><p><strong>7. Registre des retours, signalement des d\u00e9fauts, interdiction de cession<\/strong><\/p><\/div><div class=\"fusion-text fusion-text-12\"><p>7.1 Le locataire est tenu de restituer le v\u00e9hicule dans l&rsquo;\u00e9tat pr\u00e9vu au contrat.<\/p><p>7.2 Le locataire est tenu de signaler au lieu de location toute d\u00e9fectuosit\u00e9 du v\u00e9hicule ou de ses \u00e9quipements constat\u00e9e imm\u00e9diatement apr\u00e8s le d\u00e9but de la p\u00e9riode de location.<\/p><p>7.3 Le locataire ne peut faire aucune r\u00e9clamation de quelque nature que ce soit si les d\u00e9fauts justifi\u00e9s par ces r\u00e9clamations ne sont pas consign\u00e9s par \u00e9crit et en d\u00e9tail dans la liste de contr\u00f4le de retour.<\/p><p><strong>8. Proc\u00e9dure en cas d&rsquo;accident<\/strong><\/p><\/div><div class=\"fusion-text fusion-text-13\"><p>8.1 En cas d&rsquo;accident, d&rsquo;incendie, de vol, de d\u00e9g\u00e2ts caus\u00e9s par le gibier ou de tout autre dommage, le locataire est tenu d&rsquo;en faire imm\u00e9diatement la d\u00e9claration \u00e0 la police. Les pr\u00e9tentions des parties adverses ne doivent pas \u00eatre reconnues. <\/p><p>8.2 En outre, le locataire est tenu d&rsquo;informer le loueur de l&rsquo;accident \u00e0 l&rsquo;avance et sans d\u00e9lai. Il est \u00e9galement tenu d&rsquo;informer le loueur de mani\u00e8re aussi d\u00e9taill\u00e9e que possible des circonstances de l&rsquo;accident, sans d\u00e9lai, en utilisant le rapport d&rsquo;accident qui se trouve avec les documents du v\u00e9hicule et qui doit \u00eatre rempli aussi compl\u00e8tement et soigneusement que possible afin que le loueur puisse remplir son obligation de d\u00e9clarer l&rsquo;accident \u00e0 l&rsquo;assureur dans un d\u00e9lai d&rsquo;une semaine \u00e0 compter de l&rsquo;accident. <\/p><p><strong>9. R\u00e9parations<\/strong><\/p><\/div><div class=\"fusion-text fusion-text-14\"><p>Les demandes de dommages-int\u00e9r\u00eats pour des d\u00e9fauts existant avant la conclusion de l&rsquo;accord contractuel et pour lesquels le loueur n&rsquo;est pas responsable ne sont pas reconnues.<\/p><p><strong>10. Conducteurs autoris\u00e9s<\/strong><\/p><\/div><div class=\"fusion-text fusion-text-15\"><p>10.1 Le v\u00e9hicule ne peut \u00eatre conduit que par le locataire lui-m\u00eame et les conducteurs d\u00e9sign\u00e9s dans le contrat de location, pour autant qu&rsquo;ils aient l&rsquo;\u00e2ge minimum l\u00e9gal pour conduire et qu&rsquo;ils soient en possession d&rsquo;un permis de conduire au sens de l&rsquo;alin\u00e9a 2.<\/p><p>10.2 Le locataire est tenu d&rsquo;enregistrer les noms et adresses de tous les conducteurs auxquels il confie le v\u00e9hicule, y compris pour une p\u00e9riode temporaire, et de les communiquer au loueur sur demande. Le locataire est responsable des actes de chaque conducteur, y compris les siens. <\/p><p><strong>11. Utilisation interdite<\/strong><\/p><\/div><div class=\"fusion-text fusion-text-16\"><p>11.1 Le locataire n&rsquo;est pas autoris\u00e9 \u00e0 utiliser le v\u00e9hicule : pour participer \u00e0 des \u00e9preuves de sport automobile ou \u00e0 des essais de v\u00e9hicules ; pour transporter des mati\u00e8res inflammables, toxiques ou tout autre produit dangereux ; pour commettre des d\u00e9lits douaniers ou tout autre d\u00e9lit p\u00e9nal, m\u00eame si ceux-ci ne sont punissables que selon la loi du lieu o\u00f9 ils ont \u00e9t\u00e9 commis ; pour la sous-location ; pour d&rsquo;autres utilisations au-del\u00e0 de l&rsquo;utilisation convenue dans le contrat, en particulier sur des terrains qui ne sont pas con\u00e7us pour la conduite.<\/p><p>11.2 Le v\u00e9hicule doit \u00eatre trait\u00e9 avec soin, utilis\u00e9 dans le but pour lequel il a \u00e9t\u00e9 con\u00e7u et \u00eatre d\u00fbment verrouill\u00e9. Les prescriptions relatives \u00e0 l&rsquo;utilisation du v\u00e9hicule et les r\u00e8gles techniques doivent \u00eatre respect\u00e9es ainsi que les intervalles d&rsquo;entretien. Le locataire s&rsquo;engage \u00e0 effectuer des contr\u00f4les r\u00e9guliers pour s&rsquo;assurer que le v\u00e9hicule est en \u00e9tat de rouler.  <\/p><p><strong>12. Interdiction de fumer<\/strong><\/p><\/div><div class=\"fusion-text fusion-text-17\"><p>Fumer \u00e0 l&rsquo;int\u00e9rieur du v\u00e9hicule n&rsquo;est autoris\u00e9 qu&rsquo;avec la permission de l&rsquo;entreprise de location. L&rsquo;annulation de l&rsquo;interdiction de fumer sera explicitement mentionn\u00e9e dans le contrat de location. <\/p><p><strong>13. Collecte, retour<\/strong><\/p><\/div><div class=\"fusion-text fusion-text-18\"><p>13.1 Le locataire est tenu de participer \u00e0 une pr\u00e9sentation approfondie du v\u00e9hicule par nos experts dans la station de collecte avant le d\u00e9but du voyage, et de suivre les proc\u00e9dures de retour avec les employ\u00e9s de la station.<\/p><p>13.2 Les enl\u00e8vements et les remises se font au si\u00e8ge de la soci\u00e9t\u00e9, tous les jours ouvrables, pendant les heures de travail. Sauf autre accord \u00e9crit avec les frais correspondants, la livraison doit \u00eatre effectu\u00e9e avant 10h00, sans frais suppl\u00e9mentaires. Pour la livraison entre 10h00 et 13h00, il y a un suppl\u00e9ment de 50 \u20ac. Pour une livraison effectu\u00e9e apr\u00e8s 13 heures, la totalit\u00e9 de la location sera factur\u00e9e. La r\u00e9ception et l&rsquo;encaissement peuvent \u00eatre effectu\u00e9s en dehors des heures de travail (20h00 &#8211; 08h00) ou les dimanches et jours f\u00e9ri\u00e9s, moyennant un suppl\u00e9ment de 70 \u20ac.    <\/p><p>13.3 Le centre de location peut retenir le v\u00e9hicule jusqu&rsquo;\u00e0 ce que la pr\u00e9sentation d\u00e9taill\u00e9e du v\u00e9hicule ait \u00e9t\u00e9 effectu\u00e9e. Tous les frais r\u00e9sultant d&rsquo;un retard dans la restitution sont \u00e0 la charge du locataire. <\/p><p><strong>14. V\u00e9hicule de remplacement<\/strong><\/p><\/div><div class=\"fusion-text fusion-text-19\"><p>Si le v\u00e9hicule r\u00e9serv\u00e9 ne peut \u00eatre fourni \u00e0 la station de location, le loueur se r\u00e9serve le droit de fournir un v\u00e9hicule de taille et d&rsquo;\u00e9quipement similaires, ou un v\u00e9hicule plus grand. Dans ce cas, le client n&rsquo;a pas \u00e0 payer de frais de location suppl\u00e9mentaires. Si un v\u00e9hicule plus petit est propos\u00e9 et qu&rsquo;il est accept\u00e9 par le locataire, la diff\u00e9rence de prix entre les deux v\u00e9hicules sera rembours\u00e9e. Si la mise \u00e0 disposition d&rsquo;un v\u00e9hicule plus grand entra\u00eene des frais suppl\u00e9mentaires, tels que les frais de ferry et de p\u00e9age ou les frais de fonctionnement, ceux-ci sont \u00e0 la charge du locataire.   <\/p><p><strong>15. Voyager \u00e0 l&rsquo;\u00e9tranger<\/strong><\/p><\/div><div class=\"fusion-text fusion-text-20\"><p>Pour les voyages en dehors des fronti\u00e8res grecques, vous devez obtenir l&rsquo;autorisation pr\u00e9alable du propri\u00e9taire et souscrire une assurance sp\u00e9ciale. Les voyages dans des zones de guerre ou de catastrophe sont interdits. <\/p><p><strong>16. Date d&rsquo;exclusion, prescription<br><\/strong>16.1 Les r\u00e9clamations dues \u00e0 la non-ex\u00e9cution de la location selon les termes du contrat doivent \u00eatre formul\u00e9es par \u00e9crit par le locataire dans un d\u00e9lai d&rsquo;un mois apr\u00e8s la restitution du v\u00e9hicule au centre de location, comme indiqu\u00e9 dans le contrat. Apr\u00e8s l&rsquo;expiration de ce d\u00e9lai, les r\u00e9clamations ne peuvent \u00eatre faites que si le non-respect de la date n&rsquo;est pas d\u00fb \u00e0 une faute. <\/p><p>16.2 Les droits contractuels du locataire, y compris ceux r\u00e9sultant de la violation d&rsquo;obligations pr\u00e9-contractuelles, post-contractuelles et accessoires par le bailleur, sont prescrits dans les six mois suivant la date de retour indiqu\u00e9e dans le contrat. Si le locataire a fait valoir de telles pr\u00e9tentions, le d\u00e9lai de prescription est suspendu jusqu&rsquo;au jour o\u00f9 le bailleur rejette les pr\u00e9tentions par \u00e9crit. <\/p><p>16.3 La cession de cr\u00e9ances r\u00e9sultant du contrat de location \u00e0 des tiers, y compris \u00e0 des conjoints ou \u00e0 d&rsquo;autres passagers, est exclue, de m\u00eame que la revendication de telles cr\u00e9ances au nom du locataire.<\/p><p><strong>17. Stockage et transmission des donn\u00e9es \u00e0 caract\u00e8re personnel<\/strong><\/p><\/div><div class=\"fusion-text fusion-text-21\"><p>17.1 Le locataire consent \u00e0 ce que CAMPER-CLUB rent et la station de location associ\u00e9e stockent ses donn\u00e9es personnelles.<\/p><p>17.2 Le loueur peut transmettre ces donn\u00e9es par l&rsquo;interm\u00e9diaire de la centrale d&rsquo;alarme \u00e0 des tiers ayant un int\u00e9r\u00eat justifi\u00e9, si les informations fournies pour la location sont incorrectes sur des points importants ou si le v\u00e9hicule lou\u00e9 n&rsquo;est pas restitu\u00e9 dans les 24 heures suivant l&rsquo;expiration de la p\u00e9riode de location (y compris les \u00e9ventuelles prolongations convenues) ou si des cr\u00e9ances de location doivent \u00eatre revendiqu\u00e9es par le biais d&rsquo;une proc\u00e9dure de recouvrement judiciaire ou si des ch\u00e8ques \u00e9mis par le locataire ne sont pas honor\u00e9s ou si des lettres de change sont contest\u00e9es.<br>En outre, les donn\u00e9es peuvent \u00eatre transmises \u00e0 toutes les autorit\u00e9s charg\u00e9es de la poursuite des infractions et des d\u00e9lits p\u00e9naux si le locataire a agi de mani\u00e8re malhonn\u00eate ou s&rsquo;il existe des motifs suffisants. C&rsquo;est le cas, par exemple, de la fourniture de fausses informations pour la location, de la pr\u00e9sentation de faux documents personnels ou de documents d\u00e9clar\u00e9s perdus, de la non restitution du v\u00e9hicule, de la non notification d&rsquo;un d\u00e9faut technique, des infractions au code de la route, etc. <\/p><p>17.3 L&rsquo;entreprise se r\u00e9serve le droit d&rsquo;installer un syst\u00e8me de localisation sur ses v\u00e9hicules.<\/p><p><strong>18. Lieu de juridiction<\/strong><\/p><\/div><div class=\"fusion-text fusion-text-22\"><p>Pour tous les litiges d\u00e9coulant du pr\u00e9sent contrat, le tribunal comp\u00e9tent est le si\u00e8ge social du bailleur, \u00e0 condition que le locataire ne dispose pas d&rsquo;un tribunal comp\u00e9tent g\u00e9n\u00e9ral dans le pays ou qu&rsquo;apr\u00e8s la conclusion du contrat, il transf\u00e8re son domicile ou son lieu de r\u00e9sidence habituel \u00e0 l&rsquo;\u00e9tranger ou que son domicile ou son lieu de r\u00e9sidence habituel ne soit pas connu au moment de l&rsquo;introduction de l&rsquo;action, si le locataire est un commer\u00e7ant ou une personne au sens de l&rsquo;article 38, paragraphe 1, du ZPO (Code grec de proc\u00e9dure civile). 1 ZPO (Code grec de proc\u00e9dure civile). <\/p><p><strong>19. Dispositions finales<\/strong><\/p><\/div><div class=\"fusion-text fusion-text-23\"><p>Tous les accords doivent \u00eatre conclus par \u00e9crit. Si l&rsquo;une des dispositions du pr\u00e9sent contrat est ou devient nulle, ill\u00e9gale ou inapplicable, la validit\u00e9 des autres dispositions n&rsquo;en sera pas affect\u00e9e. Toute disposition invalide doit \u00eatre r\u00e9interpr\u00e9t\u00e9e de mani\u00e8re \u00e0 ce qu&rsquo;elle remplisse l&rsquo;objectif vis\u00e9. Les r\u00e9glementations obligatoires ne sont pas affect\u00e9es et sont accept\u00e9es comme telles. La location d&rsquo;un camping-car est bas\u00e9e sur un contrat de location et non sur des services group\u00e9s (services de voyage).   <\/p><\/div>\t\t\t\t\t\t\t\t<\/div>\n\t\t\t\t<\/div>\n\t\t\t\t\t<\/div>\n\t\t\t\t<\/div>\n\t\t\t\t<\/div>\n\t\t","protected":false},"excerpt":{"rendered":"<p>Ch\u00e8re cliente, cher client, Avec la conclusion d&rsquo;un accord pour la r\u00e9servation d&rsquo;un camping-car, les conditions g\u00e9n\u00e9rales suivantes,dans la mesure o\u00f9 elles sont effectivement accept\u00e9es, deviennent le contenu de l&rsquo;accord conclu entre CAMPER CLUB &#8211; Location de camping-cars &#8211; appel\u00e9 \u00ab\u00a0loueur\u00a0\u00bb &#8211; et vous. VEUILLEZ LIRE ATTENTIVEMENT LES PR\u00c9SENTES CONDITIONS G\u00c9N\u00c9RALES DE LOCATION DE CAMPING-CARS [&hellip;]<\/p>\n","protected":false},"author":2,"featured_media":0,"parent":0,"menu_order":0,"comment_status":"closed","ping_status":"closed","template":"elementor_header_footer","meta":{"footnotes":""},"class_list":["post-3999","page","type-page","status-publish","hentry"],"_links":{"self":[{"href":"https:\/\/camperclub.gr\/fr\/wp-json\/wp\/v2\/pages\/3999","targetHints":{"allow":["GET"]}}],"collection":[{"href":"https:\/\/camperclub.gr\/fr\/wp-json\/wp\/v2\/pages"}],"about":[{"href":"https:\/\/camperclub.gr\/fr\/wp-json\/wp\/v2\/types\/page"}],"author":[{"embeddable":true,"href":"https:\/\/camperclub.gr\/fr\/wp-json\/wp\/v2\/users\/2"}],"replies":[{"embeddable":true,"href":"https:\/\/camperclub.gr\/fr\/wp-json\/wp\/v2\/comments?post=3999"}],"version-history":[{"count":1,"href":"https:\/\/camperclub.gr\/fr\/wp-json\/wp\/v2\/pages\/3999\/revisions"}],"predecessor-version":[{"id":4001,"href":"https:\/\/camperclub.gr\/fr\/wp-json\/wp\/v2\/pages\/3999\/revisions\/4001"}],"wp:attachment":[{"href":"https:\/\/camperclub.gr\/fr\/wp-json\/wp\/v2\/media?parent=3999"}],"curies":[{"name":"wp","href":"https:\/\/api.w.org\/{rel}","templated":true}]}}